{"id":1200,"date":"2023-01-06T10:22:11","date_gmt":"2023-01-06T07:22:11","guid":{"rendered":"https:\/\/farnakia.com.tr\/?page_id=1200"},"modified":"2023-02-03T20:53:38","modified_gmt":"2023-02-03T17:53:38","slug":"0850-hat","status":"publish","type":"page","link":"https:\/\/farnakia.com.tr\/?page_id=1200","title":{"rendered":"0850 Hat"},"content":{"rendered":"<section class=\"sec-normal history-section sec-bg2\">\n<div class=\"container\">\n<div class=\"sec-main sec-bg1\">\n<div class=\"row\">\n<div class=\"col-md-10 offset-md-1\">\n<div class=\"info-content\">\n<h4>Sabit Telefon Hizmetleri<\/h4>\n<p>Yeni Nesil Telefon Hizmetleri \u0130ster Ev ve \u0130\u015f numaran\u0131z\u0131 Pasifik&#8217;e ta\u015f\u0131y\u0131n, isterseniz size verece\u011fimiz, co\u011frafi numaralar veya 0850&#8217;li numaralar ile Yeni Nesil Sabit Telefon Hizmetinden yararlanmaya hemen ba\u015flay\u0131n! Sabit telefon maliyetlerinizde %50&#8217;ye varan indirimlerden yararlan\u0131n!<\/p>\n<\/div>\n<\/div>\n<div class=\"col-md-10 offset-md-1 pt-5 wow fadeInUp fast animated\"><\/div>\n<\/div>\n<div class=\"row\">\n<div class=\"col-md-10 offset-md-1\">\n<div class=\"info-content\">\n<h4>Baz\u0131 \u00d6nemli Bilgileri<\/h4>\n<p>0850&#8217;li numaralar\u0131n Co\u011frafi Numaralardan fark\u0131 yoktur. Sizlere geli\u015fmi\u015f dijital alt yap\u0131 se\u00e7enekleri sunar. Gelen\/Giden T\u00fcm \u00c7a\u011fr\u0131lar\u0131 y\u00f6netme, analiz etme santralle birlikte kulland\u0131\u011f\u0131n\u0131z ses kay\u0131t \u00f6zellikleri gibi avantajlar sunar.<\/p>\n<\/div>\n<\/div>\n<div class=\"col-md-10 offset-md-1 pt-5 wow fadeInUp fast animated\"><\/div>\n<\/div>\n<\/div>\n<\/div>\n<\/section>\n<footer class=\"footer\">\n<div class=\"container\">\n<div class=\"footer-top\">\n<div class=\"row\"><\/div>\n<\/div>\n<\/div>\n<\/footer>\n","protected":false},"excerpt":{"rendered":"<p>Sabit Telefon Hizmetleri Yeni Nesil Telefon Hizmetleri \u0130ster Ev ve \u0130\u015f numaran\u0131z\u0131 Pasifik&#8217;e ta\u015f\u0131y\u0131n, isterseniz size verece\u011fimiz, co\u011frafi numaralar veya 0850&#8217;li numaralar ile Yeni Nesil Sabit Telefon Hizmetinden yararlanmaya hemen [&hellip;]<\/p>\n","protected":false},"author":1,"featured_media":0,"parent":0,"menu_order":0,"comment_status":"closed","ping_status":"closed","template":"","meta":{"footnotes":""},"class_list":["post-1200","page","type-page","status-publish","hentry"],"_links":{"self":[{"href":"https:\/\/farnakia.com.tr\/index.php?rest_route=\/wp\/v2\/pages\/1200","targetHints":{"allow":["GET"]}}],"collection":[{"href":"https:\/\/farnakia.com.tr\/index.php?rest_route=\/wp\/v2\/pages"}],"about":[{"href":"https:\/\/farnakia.com.tr\/index.php?rest_route=\/wp\/v2\/types\/page"}],"author":[{"embeddable":true,"href":"https:\/\/farnakia.com.tr\/index.php?rest_route=\/wp\/v2\/users\/1"}],"replies":[{"embeddable":true,"href":"https:\/\/farnakia.com.tr\/index.php?rest_route=%2Fwp%2Fv2%2Fcomments&post=1200"}],"version-history":[{"count":5,"href":"https:\/\/farnakia.com.tr\/index.php?rest_route=\/wp\/v2\/pages\/1200\/revisions"}],"predecessor-version":[{"id":1263,"href":"https:\/\/farnakia.com.tr\/index.php?rest_route=\/wp\/v2\/pages\/1200\/revisions\/1263"}],"wp:attachment":[{"href":"https:\/\/farnakia.com.tr\/index.php?rest_route=%2Fwp%2Fv2%2Fmedia&parent=1200"}],"curies":[{"name":"wp","href":"https:\/\/api.w.org\/{rel}","templated":true}]}}