{"id":1203,"date":"2023-01-06T10:22:37","date_gmt":"2023-01-06T07:22:37","guid":{"rendered":"https:\/\/farnakia.com.tr\/?page_id=1203"},"modified":"2023-01-06T10:22:37","modified_gmt":"2023-01-06T07:22:37","slug":"cografi-hatlar","status":"publish","type":"page","link":"https:\/\/farnakia.com.tr\/?page_id=1203","title":{"rendered":"Co\u011frafi Hatlar"},"content":{"rendered":"<h4>Yeni Nesil Ev\/\u0130\u015f Telefonunuz<\/h4>\n<p>Eski analog sisteminizi, yeni nesil ip tabanl\u0131ya d\u00f6n\u00fc\u015ft\u00fcrmekteyiz. Geli\u015fen teknolojinin t\u00fcm avantajlar\u0131n\u0131 art\u0131k evinizde i\u015f yerinizde de kullanabilirsiniz.<\/p>\n<p>Co\u011frai Telefon Numaralar\u0131, b\u00f6lgenize \u00f6zel tahsis edilmi\u015f hatlard\u0131r. \u00d6rn. 0212, 0216, 0312 gibi, Sabit telefon hatt\u0131n\u0131z\u0131 numaran\u0131z de\u011fi\u015fmeden ta\u015f\u0131ma yapabilirsiniz.<\/p>\n","protected":false},"excerpt":{"rendered":"<p>Yeni Nesil Ev\/\u0130\u015f Telefonunuz Eski analog sisteminizi, yeni nesil ip tabanl\u0131ya d\u00f6n\u00fc\u015ft\u00fcrmekteyiz. Geli\u015fen teknolojinin t\u00fcm avantajlar\u0131n\u0131 art\u0131k evinizde i\u015f yerinizde de kullanabilirsiniz. Co\u011frai Telefon Numaralar\u0131, b\u00f6lgenize \u00f6zel tahsis edilmi\u015f hatlard\u0131r. [&hellip;]<\/p>\n","protected":false},"author":1,"featured_media":0,"parent":0,"menu_order":0,"comment_status":"closed","ping_status":"closed","template":"","meta":{"footnotes":""},"class_list":["post-1203","page","type-page","status-publish","hentry"],"_links":{"self":[{"href":"https:\/\/farnakia.com.tr\/index.php?rest_route=\/wp\/v2\/pages\/1203","targetHints":{"allow":["GET"]}}],"collection":[{"href":"https:\/\/farnakia.com.tr\/index.php?rest_route=\/wp\/v2\/pages"}],"about":[{"href":"https:\/\/farnakia.com.tr\/index.php?rest_route=\/wp\/v2\/types\/page"}],"author":[{"embeddable":true,"href":"https:\/\/farnakia.com.tr\/index.php?rest_route=\/wp\/v2\/users\/1"}],"replies":[{"embeddable":true,"href":"https:\/\/farnakia.com.tr\/index.php?rest_route=%2Fwp%2Fv2%2Fcomments&post=1203"}],"version-history":[{"count":1,"href":"https:\/\/farnakia.com.tr\/index.php?rest_route=\/wp\/v2\/pages\/1203\/revisions"}],"predecessor-version":[{"id":1204,"href":"https:\/\/farnakia.com.tr\/index.php?rest_route=\/wp\/v2\/pages\/1203\/revisions\/1204"}],"wp:attachment":[{"href":"https:\/\/farnakia.com.tr\/index.php?rest_route=%2Fwp%2Fv2%2Fmedia&parent=1203"}],"curies":[{"name":"wp","href":"https:\/\/api.w.org\/{rel}","templated":true}]}}