{"id":1205,"date":"2023-01-06T10:24:16","date_gmt":"2023-01-06T07:24:16","guid":{"rendered":"https:\/\/farnakia.com.tr\/?page_id=1205"},"modified":"2023-01-06T10:24:16","modified_gmt":"2023-01-06T07:24:16","slug":"ip-santral","status":"publish","type":"page","link":"https:\/\/farnakia.com.tr\/?page_id=1205","title":{"rendered":"\u0130p Santral"},"content":{"rendered":"<div class=\"info-content\">\n<div class=\"info-content\">\n<h6>\u0130P Santral Nedir ?<\/h6>\n<p>T\u00fcm haberle\u015fme ihtiyac\u0131n\u0131z\u0131 kar\u015f\u0131layan, \u015fubelerinizi tek hizmet noktas\u0131na toplayan, internet tabanl\u0131 \u00e7al\u0131\u015fan bir hizmettir. Sanal Santral hizmetimiz, herhangi bir taahh\u00fct talebi olmadan sizleri yat\u0131r\u0131m maliyetinden kurtaran ayl\u0131k kiralama modeliyle abonelerimizin kulland\u0131\u011f\u0131 hizmetimizdir.<\/p>\n<\/div>\n<div class=\"row help\">\n<div class=\"col-md-4\">\n<div class=\"col-12\">\n<div class=\"help-container\"><\/div>\n<\/div>\n<\/div>\n<\/div>\n<\/div>\n","protected":false},"excerpt":{"rendered":"<p>\u0130P Santral Nedir ? T\u00fcm haberle\u015fme ihtiyac\u0131n\u0131z\u0131 kar\u015f\u0131layan, \u015fubelerinizi tek hizmet noktas\u0131na toplayan, internet tabanl\u0131 \u00e7al\u0131\u015fan bir hizmettir. Sanal Santral hizmetimiz, herhangi bir taahh\u00fct talebi olmadan sizleri yat\u0131r\u0131m maliyetinden kurtaran [&hellip;]<\/p>\n","protected":false},"author":1,"featured_media":0,"parent":0,"menu_order":0,"comment_status":"closed","ping_status":"closed","template":"","meta":{"footnotes":""},"class_list":["post-1205","page","type-page","status-publish","hentry"],"_links":{"self":[{"href":"https:\/\/farnakia.com.tr\/index.php?rest_route=\/wp\/v2\/pages\/1205","targetHints":{"allow":["GET"]}}],"collection":[{"href":"https:\/\/farnakia.com.tr\/index.php?rest_route=\/wp\/v2\/pages"}],"about":[{"href":"https:\/\/farnakia.com.tr\/index.php?rest_route=\/wp\/v2\/types\/page"}],"author":[{"embeddable":true,"href":"https:\/\/farnakia.com.tr\/index.php?rest_route=\/wp\/v2\/users\/1"}],"replies":[{"embeddable":true,"href":"https:\/\/farnakia.com.tr\/index.php?rest_route=%2Fwp%2Fv2%2Fcomments&post=1205"}],"version-history":[{"count":1,"href":"https:\/\/farnakia.com.tr\/index.php?rest_route=\/wp\/v2\/pages\/1205\/revisions"}],"predecessor-version":[{"id":1212,"href":"https:\/\/farnakia.com.tr\/index.php?rest_route=\/wp\/v2\/pages\/1205\/revisions\/1212"}],"wp:attachment":[{"href":"https:\/\/farnakia.com.tr\/index.php?rest_route=%2Fwp%2Fv2%2Fmedia&parent=1205"}],"curies":[{"name":"wp","href":"https:\/\/api.w.org\/{rel}","templated":true}]}}