{"id":1206,"date":"2023-01-06T10:24:34","date_gmt":"2023-01-06T07:24:34","guid":{"rendered":"https:\/\/farnakia.com.tr\/?page_id=1206"},"modified":"2023-01-06T10:24:34","modified_gmt":"2023-01-06T07:24:34","slug":"cagri-analizi","status":"publish","type":"page","link":"https:\/\/farnakia.com.tr\/?page_id=1206","title":{"rendered":"\u00c7a\u011fr\u0131 Analizi"},"content":{"rendered":"<h4>\u00c7a\u011fr\u0131 Analizi<\/h4>\n<p>Detayl\u0131 Gelen\/Giden \u00c7a\u011fr\u0131 Raporlar\u0131 \u0130le \u0130\u015fletmenizdeki Durumlar Hakk\u0131nda Analiz Yapabilir, Tespitler Elde Edebilirsiniz.<\/p>\n","protected":false},"excerpt":{"rendered":"<p>\u00c7a\u011fr\u0131 Analizi Detayl\u0131 Gelen\/Giden \u00c7a\u011fr\u0131 Raporlar\u0131 \u0130le \u0130\u015fletmenizdeki Durumlar Hakk\u0131nda Analiz Yapabilir, Tespitler Elde Edebilirsiniz.<\/p>\n","protected":false},"author":1,"featured_media":0,"parent":0,"menu_order":0,"comment_status":"closed","ping_status":"closed","template":"","meta":{"footnotes":""},"class_list":["post-1206","page","type-page","status-publish","hentry"],"_links":{"self":[{"href":"https:\/\/farnakia.com.tr\/index.php?rest_route=\/wp\/v2\/pages\/1206","targetHints":{"allow":["GET"]}}],"collection":[{"href":"https:\/\/farnakia.com.tr\/index.php?rest_route=\/wp\/v2\/pages"}],"about":[{"href":"https:\/\/farnakia.com.tr\/index.php?rest_route=\/wp\/v2\/types\/page"}],"author":[{"embeddable":true,"href":"https:\/\/farnakia.com.tr\/index.php?rest_route=\/wp\/v2\/users\/1"}],"replies":[{"embeddable":true,"href":"https:\/\/farnakia.com.tr\/index.php?rest_route=%2Fwp%2Fv2%2Fcomments&post=1206"}],"version-history":[{"count":1,"href":"https:\/\/farnakia.com.tr\/index.php?rest_route=\/wp\/v2\/pages\/1206\/revisions"}],"predecessor-version":[{"id":1213,"href":"https:\/\/farnakia.com.tr\/index.php?rest_route=\/wp\/v2\/pages\/1206\/revisions\/1213"}],"wp:attachment":[{"href":"https:\/\/farnakia.com.tr\/index.php?rest_route=%2Fwp%2Fv2%2Fmedia&parent=1206"}],"curies":[{"name":"wp","href":"https:\/\/api.w.org\/{rel}","templated":true}]}}