{"id":1208,"date":"2023-01-06T10:25:36","date_gmt":"2023-01-06T07:25:36","guid":{"rendered":"https:\/\/farnakia.com.tr\/?page_id=1208"},"modified":"2023-01-06T10:25:36","modified_gmt":"2023-01-06T07:25:36","slug":"cagri-merkezi-cozumleri","status":"publish","type":"page","link":"https:\/\/farnakia.com.tr\/?page_id=1208","title":{"rendered":"\u00c7a\u011fr\u0131 Merkezi \u00c7\u00f6z\u00fcmleri"},"content":{"rendered":"<section id=\"features\" class=\"history-section feat01 sec-normal\">\n<div class=\"container\">\n<div class=\"sec-main sec-bg1\">\n<div class=\"row\">\n<div class=\"col-md-12 col-lg-5\">\n<div class=\"info-content\">\n<h4>Mec CRM Nedir ?<\/h4>\n<p>Mec Crm, Geli\u015fmi\u015f M\u00fc\u015fteri \u0130li\u015fkileri Yaz\u0131l\u0131md\u0131r. Mec crm i\u00e7erisindeki \u00e7a\u011fr\u0131 merkezi mod\u00fcl\u00fcm\u00fcz sayesinde m\u00fc\u015fterilerinizi arayabilir, anket yapabilir, gelen \u00e7a\u011fr\u0131lar\u0131 analiz edebilirsiniz.<\/p>\n<\/div>\n<\/div>\n<\/div>\n<\/div>\n<\/div>\n<\/section>\n","protected":false},"excerpt":{"rendered":"<p>Mec CRM Nedir ? Mec Crm, Geli\u015fmi\u015f M\u00fc\u015fteri \u0130li\u015fkileri Yaz\u0131l\u0131md\u0131r. Mec crm i\u00e7erisindeki \u00e7a\u011fr\u0131 merkezi mod\u00fcl\u00fcm\u00fcz sayesinde m\u00fc\u015fterilerinizi arayabilir, anket yapabilir, gelen \u00e7a\u011fr\u0131lar\u0131 analiz edebilirsiniz.<\/p>\n","protected":false},"author":1,"featured_media":0,"parent":0,"menu_order":0,"comment_status":"closed","ping_status":"closed","template":"","meta":{"footnotes":""},"class_list":["post-1208","page","type-page","status-publish","hentry"],"_links":{"self":[{"href":"https:\/\/farnakia.com.tr\/index.php?rest_route=\/wp\/v2\/pages\/1208","targetHints":{"allow":["GET"]}}],"collection":[{"href":"https:\/\/farnakia.com.tr\/index.php?rest_route=\/wp\/v2\/pages"}],"about":[{"href":"https:\/\/farnakia.com.tr\/index.php?rest_route=\/wp\/v2\/types\/page"}],"author":[{"embeddable":true,"href":"https:\/\/farnakia.com.tr\/index.php?rest_route=\/wp\/v2\/users\/1"}],"replies":[{"embeddable":true,"href":"https:\/\/farnakia.com.tr\/index.php?rest_route=%2Fwp%2Fv2%2Fcomments&post=1208"}],"version-history":[{"count":1,"href":"https:\/\/farnakia.com.tr\/index.php?rest_route=\/wp\/v2\/pages\/1208\/revisions"}],"predecessor-version":[{"id":1218,"href":"https:\/\/farnakia.com.tr\/index.php?rest_route=\/wp\/v2\/pages\/1208\/revisions\/1218"}],"wp:attachment":[{"href":"https:\/\/farnakia.com.tr\/index.php?rest_route=%2Fwp%2Fv2%2Fmedia&parent=1208"}],"curies":[{"name":"wp","href":"https:\/\/api.w.org\/{rel}","templated":true}]}}