{"id":1209,"date":"2023-01-06T10:27:40","date_gmt":"2023-01-06T07:27:40","guid":{"rendered":"https:\/\/farnakia.com.tr\/?page_id=1209"},"modified":"2023-01-06T10:27:40","modified_gmt":"2023-01-06T07:27:40","slug":"ip-hizmeti","status":"publish","type":"page","link":"https:\/\/farnakia.com.tr\/?page_id=1209","title":{"rendered":"\u0130p Hizmeti"},"content":{"rendered":"<h4>\u0130p Kiralama Hizmeti Nedir ?<\/h4>\n<p>M\u00fc\u015fterilerimize \u00f6zel toplu ip kiralama hizmeti veriyoruz.<\/p>\n","protected":false},"excerpt":{"rendered":"<p>\u0130p Kiralama Hizmeti Nedir ? M\u00fc\u015fterilerimize \u00f6zel toplu ip kiralama hizmeti veriyoruz.<\/p>\n","protected":false},"author":1,"featured_media":0,"parent":0,"menu_order":0,"comment_status":"closed","ping_status":"closed","template":"","meta":{"footnotes":""},"class_list":["post-1209","page","type-page","status-publish","hentry"],"_links":{"self":[{"href":"https:\/\/farnakia.com.tr\/index.php?rest_route=\/wp\/v2\/pages\/1209","targetHints":{"allow":["GET"]}}],"collection":[{"href":"https:\/\/farnakia.com.tr\/index.php?rest_route=\/wp\/v2\/pages"}],"about":[{"href":"https:\/\/farnakia.com.tr\/index.php?rest_route=\/wp\/v2\/types\/page"}],"author":[{"embeddable":true,"href":"https:\/\/farnakia.com.tr\/index.php?rest_route=\/wp\/v2\/users\/1"}],"replies":[{"embeddable":true,"href":"https:\/\/farnakia.com.tr\/index.php?rest_route=%2Fwp%2Fv2%2Fcomments&post=1209"}],"version-history":[{"count":1,"href":"https:\/\/farnakia.com.tr\/index.php?rest_route=\/wp\/v2\/pages\/1209\/revisions"}],"predecessor-version":[{"id":1228,"href":"https:\/\/farnakia.com.tr\/index.php?rest_route=\/wp\/v2\/pages\/1209\/revisions\/1228"}],"wp:attachment":[{"href":"https:\/\/farnakia.com.tr\/index.php?rest_route=%2Fwp%2Fv2%2Fmedia&parent=1209"}],"curies":[{"name":"wp","href":"https:\/\/api.w.org\/{rel}","templated":true}]}}