{"id":1217,"date":"2023-01-06T10:27:02","date_gmt":"2023-01-06T07:27:02","guid":{"rendered":"https:\/\/farnakia.com.tr\/?page_id=1217"},"modified":"2023-01-06T10:27:02","modified_gmt":"2023-01-06T07:27:02","slug":"veri-merkezi","status":"publish","type":"page","link":"https:\/\/farnakia.com.tr\/?page_id=1217","title":{"rendered":"Veri Merkezi"},"content":{"rendered":"<h4>Veri Merkezi Hizmetimiz Nedir ?<\/h4>\n<p>Biz sunucular\u0131n\u0131z i\u00e7in ideal ortam\u0131 sa\u011flayal\u0131m, siz i\u015finize daha fazla vakit ay\u0131r\u0131n. Sunucular\u0131n\u0131z\u0131 \u0130stanbul Gayrettepe\u2019de i\u015f \u00e7evrelerinin tam merkezinde yer alan TurkNet veri merkezinin ideal ortam\u0131nda bar\u0131nd\u0131rabilirsiniz.<\/p>\n","protected":false},"excerpt":{"rendered":"<p>Veri Merkezi Hizmetimiz Nedir ? Biz sunucular\u0131n\u0131z i\u00e7in ideal ortam\u0131 sa\u011flayal\u0131m, siz i\u015finize daha fazla vakit ay\u0131r\u0131n. Sunucular\u0131n\u0131z\u0131 \u0130stanbul Gayrettepe\u2019de i\u015f \u00e7evrelerinin tam merkezinde yer alan TurkNet veri merkezinin ideal [&hellip;]<\/p>\n","protected":false},"author":1,"featured_media":0,"parent":0,"menu_order":0,"comment_status":"closed","ping_status":"closed","template":"","meta":{"footnotes":""},"class_list":["post-1217","page","type-page","status-publish","hentry"],"_links":{"self":[{"href":"https:\/\/farnakia.com.tr\/index.php?rest_route=\/wp\/v2\/pages\/1217","targetHints":{"allow":["GET"]}}],"collection":[{"href":"https:\/\/farnakia.com.tr\/index.php?rest_route=\/wp\/v2\/pages"}],"about":[{"href":"https:\/\/farnakia.com.tr\/index.php?rest_route=\/wp\/v2\/types\/page"}],"author":[{"embeddable":true,"href":"https:\/\/farnakia.com.tr\/index.php?rest_route=\/wp\/v2\/users\/1"}],"replies":[{"embeddable":true,"href":"https:\/\/farnakia.com.tr\/index.php?rest_route=%2Fwp%2Fv2%2Fcomments&post=1217"}],"version-history":[{"count":1,"href":"https:\/\/farnakia.com.tr\/index.php?rest_route=\/wp\/v2\/pages\/1217\/revisions"}],"predecessor-version":[{"id":1222,"href":"https:\/\/farnakia.com.tr\/index.php?rest_route=\/wp\/v2\/pages\/1217\/revisions\/1222"}],"wp:attachment":[{"href":"https:\/\/farnakia.com.tr\/index.php?rest_route=%2Fwp%2Fv2%2Fmedia&parent=1217"}],"curies":[{"name":"wp","href":"https:\/\/api.w.org\/{rel}","templated":true}]}}