{"id":1225,"date":"2023-01-06T10:28:09","date_gmt":"2023-01-06T07:28:09","guid":{"rendered":"https:\/\/farnakia.com.tr\/?page_id=1225"},"modified":"2023-01-06T10:28:25","modified_gmt":"2023-01-06T07:28:25","slug":"toplu-sms","status":"publish","type":"page","link":"https:\/\/farnakia.com.tr\/?page_id=1225","title":{"rendered":"Toplu Sms"},"content":{"rendered":"<h4>Toplu Sms Nedir ?<\/h4>\n<p>G\u00fcn\u00fcm\u00fczde birden fazla ki\u015fiye ula\u015fman\u0131n en ak\u0131lc\u0131 en uygun ve kolay \u00e7\u00f6z\u00fcm\u00fc toplu SMStir. \u0130nsanlara ula\u015fman\u0131n hitap etmenin en kolay \u00e7\u00f6z\u00fcm\u00fc cep telefonu SMS&#8217;idir Tek tu\u015fla netten, cepten, tabletten m\u00fc\u015fterilerinize en k\u0131sa s\u00fcrede en sa\u011fl\u0131kl\u0131 bi\u00e7imde ula\u015fman\u0131z\u0131 sa\u011flar.<\/p>\n<h4>\u00d6zelliklerimiz<\/h4>\n<ul>\n<li>Excel&#8217;den SMS G\u00f6nderme<\/li>\n<li>\u0130leri Tarihli SMS G\u00f6nder<\/li>\n<li>Kara Liste Olusturma<\/li>\n<li>Masa\u00fcst\u00fc Uygulamas\u0131<\/li>\n<li>Red Kodu ile G\u00f6nderme<\/li>\n<li>\u00d6zel g\u00fcnler ve Resmi tatiller<\/li>\n<li>SMS Bakiyesi Hat\u0131rlatma<\/li>\n<li>Kredi Kart\u0131 Kolayl\u0131\u011f\u0131<\/li>\n<\/ul>\n","protected":false},"excerpt":{"rendered":"<p>Toplu Sms Nedir ? G\u00fcn\u00fcm\u00fczde birden fazla ki\u015fiye ula\u015fman\u0131n en ak\u0131lc\u0131 en uygun ve kolay \u00e7\u00f6z\u00fcm\u00fc toplu SMStir. \u0130nsanlara ula\u015fman\u0131n hitap etmenin en kolay \u00e7\u00f6z\u00fcm\u00fc cep telefonu SMS&#8217;idir Tek tu\u015fla [&hellip;]<\/p>\n","protected":false},"author":1,"featured_media":0,"parent":0,"menu_order":0,"comment_status":"closed","ping_status":"closed","template":"","meta":{"footnotes":""},"class_list":["post-1225","page","type-page","status-publish","hentry"],"_links":{"self":[{"href":"https:\/\/farnakia.com.tr\/index.php?rest_route=\/wp\/v2\/pages\/1225","targetHints":{"allow":["GET"]}}],"collection":[{"href":"https:\/\/farnakia.com.tr\/index.php?rest_route=\/wp\/v2\/pages"}],"about":[{"href":"https:\/\/farnakia.com.tr\/index.php?rest_route=\/wp\/v2\/types\/page"}],"author":[{"embeddable":true,"href":"https:\/\/farnakia.com.tr\/index.php?rest_route=\/wp\/v2\/users\/1"}],"replies":[{"embeddable":true,"href":"https:\/\/farnakia.com.tr\/index.php?rest_route=%2Fwp%2Fv2%2Fcomments&post=1225"}],"version-history":[{"count":2,"href":"https:\/\/farnakia.com.tr\/index.php?rest_route=\/wp\/v2\/pages\/1225\/revisions"}],"predecessor-version":[{"id":1230,"href":"https:\/\/farnakia.com.tr\/index.php?rest_route=\/wp\/v2\/pages\/1225\/revisions\/1230"}],"wp:attachment":[{"href":"https:\/\/farnakia.com.tr\/index.php?rest_route=%2Fwp%2Fv2%2Fmedia&parent=1225"}],"curies":[{"name":"wp","href":"https:\/\/api.w.org\/{rel}","templated":true}]}}