{"id":1246,"date":"2023-01-06T10:36:25","date_gmt":"2023-01-06T07:36:25","guid":{"rendered":"https:\/\/farnakia.com.tr\/?page_id=1246"},"modified":"2023-01-06T10:36:25","modified_gmt":"2023-01-06T07:36:25","slug":"iletisim","status":"publish","type":"page","link":"https:\/\/farnakia.com.tr\/?page_id=1246","title":{"rendered":"\u0130leti\u015fim"},"content":{"rendered":"<div class=\"title\">Mec Bili\u015fim Ltd. \u015eti.<\/div>\n<div class=\"subtitle\">Mec Bili\u015fim Ltd. \u015eti. Validei Atik Mah. Nuhkuyusu Cad. No:219 K:5 \u00dcsk\u00fcdar \/ \u0130stabul Tel : 0216 708 0 700<\/div>\n","protected":false},"excerpt":{"rendered":"<p>Mec Bili\u015fim Ltd. \u015eti. Mec Bili\u015fim Ltd. \u015eti. Validei Atik Mah. Nuhkuyusu Cad. No:219 K:5 \u00dcsk\u00fcdar \/ \u0130stabul Tel : 0216 708 0 700<\/p>\n","protected":false},"author":1,"featured_media":0,"parent":0,"menu_order":0,"comment_status":"closed","ping_status":"closed","template":"","meta":{"footnotes":""},"class_list":["post-1246","page","type-page","status-publish","hentry"],"_links":{"self":[{"href":"https:\/\/farnakia.com.tr\/index.php?rest_route=\/wp\/v2\/pages\/1246","targetHints":{"allow":["GET"]}}],"collection":[{"href":"https:\/\/farnakia.com.tr\/index.php?rest_route=\/wp\/v2\/pages"}],"about":[{"href":"https:\/\/farnakia.com.tr\/index.php?rest_route=\/wp\/v2\/types\/page"}],"author":[{"embeddable":true,"href":"https:\/\/farnakia.com.tr\/index.php?rest_route=\/wp\/v2\/users\/1"}],"replies":[{"embeddable":true,"href":"https:\/\/farnakia.com.tr\/index.php?rest_route=%2Fwp%2Fv2%2Fcomments&post=1246"}],"version-history":[{"count":1,"href":"https:\/\/farnakia.com.tr\/index.php?rest_route=\/wp\/v2\/pages\/1246\/revisions"}],"predecessor-version":[{"id":1247,"href":"https:\/\/farnakia.com.tr\/index.php?rest_route=\/wp\/v2\/pages\/1246\/revisions\/1247"}],"wp:attachment":[{"href":"https:\/\/farnakia.com.tr\/index.php?rest_route=%2Fwp%2Fv2%2Fmedia&parent=1246"}],"curies":[{"name":"wp","href":"https:\/\/api.w.org\/{rel}","templated":true}]}}